{"id":462,"date":"2021-05-16T22:15:07","date_gmt":"2021-05-16T22:15:07","guid":{"rendered":"https:\/\/construtorajcr.com.br\/granville\/?page_id=462"},"modified":"2025-03-19T19:47:30","modified_gmt":"2025-03-19T19:47:30","slug":"home","status":"publish","type":"page","link":"https:\/\/construtorajcr.com.br\/granville\/","title":{"rendered":"home"},"content":{"rendered":"\n\n\t<p>D\u00ca O PLAY E CONFIRA A NOSSA CAMPANHA DE LAN\u00c7AMENTO<\/p>\n\t\t<img decoding=\"async\" src=\"https:\/\/construtorajcr.com.br\/granville\/wp-content\/uploads\/2022\/10\/video.jpg\" alt=\"\"\/>\n\t\t\t\t<img loading=\"lazy\" decoding=\"async\" src=\"https:\/\/construtorajcr.com.br\/granville\/wp-content\/uploads\/2021\/08\/VEM-AI.png\" alt=\"VEM AI\" itemprop=\"image\" height=\"102\" width=\"467\" title=\"VEM AI\" onerror=\"this.style.display='none'\"  \/>\n<h3>\n\t\tUM CONDOM\u00cdNIO SINGULAR\n\t<\/h3>\n\t<p>O novo projeto da JCR Urbanismo, um condom\u00ednio singular em uma das regi\u00f5es mais valorizadas de Cuiab\u00e1, re\u00fane todos itens essenciais para voc\u00ea viver com o que h\u00e1 de melhor. Localizado no bairro Santa Rosa, ele foi desenvolvido para atender aos gostos mais exigentes quando o assunto \u00e9 conforto, praticidade e seguran\u00e7a.<\/p>\n\t\t\t\t<img loading=\"lazy\" decoding=\"async\" src=\"https:\/\/construtorajcr.com.br\/granville\/wp-content\/uploads\/2021\/08\/projetado.png\" alt=\"projetado\" itemprop=\"image\" height=\"1091\" width=\"705\" title=\"projetado\" onerror=\"this.style.display='none'\"  \/>\n\t\t\t\t<img loading=\"lazy\" decoding=\"async\" src=\"https:\/\/construtorajcr.com.br\/granville\/wp-content\/uploads\/2022\/10\/452_LANDING_PAGE_03.jpg\" alt=\"452_LANDING_PAGE_03\" itemprop=\"image\" height=\"221\" width=\"855\" title=\"452_LANDING_PAGE_03\" onerror=\"this.style.display='none'\"  \/>\n\t\t\t\t<img loading=\"lazy\" decoding=\"async\" src=\"https:\/\/construtorajcr.com.br\/granville\/wp-content\/uploads\/2022\/10\/452_LANDING_PAGE_10.jpg\" alt=\"452_LANDING_PAGE_10\" itemprop=\"image\" height=\"221\" width=\"855\" title=\"452_LANDING_PAGE_10\" onerror=\"this.style.display='none'\"  \/>\n\t\t\t\t<img loading=\"lazy\" decoding=\"async\" src=\"https:\/\/construtorajcr.com.br\/granville\/wp-content\/uploads\/2022\/10\/452_LANDING_PAGE_14.jpg\" alt=\"452_LANDING_PAGE_14\" itemprop=\"image\" height=\"221\" width=\"855\" title=\"452_LANDING_PAGE_14\" onerror=\"this.style.display='none'\"  \/>\n\t\t\t\t<img loading=\"lazy\" decoding=\"async\" src=\"https:\/\/construtorajcr.com.br\/granville\/wp-content\/uploads\/2022\/10\/452_LANDING_PAGE_18.jpg\" alt=\"452_LANDING_PAGE_18\" itemprop=\"image\" height=\"221\" width=\"855\" title=\"452_LANDING_PAGE_18\" onerror=\"this.style.display='none'\"  \/>\n\t\t\t\t<img loading=\"lazy\" decoding=\"async\" src=\"https:\/\/construtorajcr.com.br\/granville\/wp-content\/uploads\/2022\/10\/452_LANDING_PAGE_06.jpg\" alt=\"452_LANDING_PAGE_06\" itemprop=\"image\" height=\"221\" width=\"855\" title=\"452_LANDING_PAGE_06\" onerror=\"this.style.display='none'\"  \/>\n\t\t\t\t<img loading=\"lazy\" decoding=\"async\" src=\"https:\/\/construtorajcr.com.br\/granville\/wp-content\/uploads\/2022\/10\/452_LANDING_PAGE_11.jpg\" alt=\"452_LANDING_PAGE_11\" itemprop=\"image\" height=\"221\" width=\"855\" title=\"452_LANDING_PAGE_11\" onerror=\"this.style.display='none'\"  \/>\n\t\t\t\t<img loading=\"lazy\" decoding=\"async\" src=\"https:\/\/construtorajcr.com.br\/granville\/wp-content\/uploads\/2022\/10\/452_LANDING_PAGE_15.jpg\" alt=\"452_LANDING_PAGE_15\" itemprop=\"image\" height=\"221\" width=\"855\" title=\"452_LANDING_PAGE_15\" onerror=\"this.style.display='none'\"  \/>\n\t\t\t\t<img loading=\"lazy\" decoding=\"async\" src=\"https:\/\/construtorajcr.com.br\/granville\/wp-content\/uploads\/2022\/10\/452_LANDING_PAGE_19.jpg\" alt=\"452_LANDING_PAGE_19\" itemprop=\"image\" height=\"221\" width=\"855\" title=\"452_LANDING_PAGE_19\" onerror=\"this.style.display='none'\"  \/>\n<h3>\n\t\tLOCALIZA\u00c7\u00c3O\n\t<\/h3>\n\t\t\t\t<img loading=\"lazy\" decoding=\"async\" src=\"https:\/\/construtorajcr.com.br\/granville\/wp-content\/uploads\/2022\/10\/MAPA-IMPLANTACAO-1.jpg\" alt=\"MAPA IMPLANTACAO\" itemprop=\"image\" height=\"1098\" width=\"1920\" title=\"MAPA IMPLANTACAO\" onerror=\"this.style.display='none'\"  \/>\n\t\t\t\t<img loading=\"lazy\" decoding=\"async\" src=\"https:\/\/construtorajcr.com.br\/granville\/wp-content\/uploads\/2022\/10\/Group-5.png\" alt=\"Group 5\" itemprop=\"image\" height=\"59\" width=\"618\" title=\"Group 5\" onerror=\"this.style.display='none'\"  \/>\n\t<p>O condom\u00ednio fica em uma localiza\u00e7\u00e3o privilegiada, perto de shoppings, supermercados, lojas, bares, academias, hospitais e restaurantes.<\/p>\n\t<iframe src=\"https:\/\/www.google.com\/maps\/embed?pb=!1m18!1m12!1m3!1d9447.54912234651!2d-56.13010459424827!3d-15.587864102215292!2m3!1f0!2f0!3f0!3m2!1i1024!2i768!4f13.1!3m3!1m2!1s0x0%3A0x912d50741323f149!2zMTXCsDM1JzEyLjEiUyA1NsKwMDcnNTUuMSJX!5e1!3m2!1spt-BR!2sbr!4v1666621936827!5m2!1spt-BR!2sbr\" width=\"100%\" height=\"450\" allowfullscreen=\"\" loading=\"lazy\" referrerpolicy=\"no-referrer-when-downgrade\"><\/iframe>\n<h3>\n\t\tFALE CONOSCO\n\t<\/h3>\n\t<p>CADASTRE-SE E RECEBA MAIS INFORMA\u00c7\u00d5ES SOBRE ESSE BREVE LAN\u00c7AMENTO<\/p>\n\t\t\t\t<img loading=\"lazy\" decoding=\"async\" src=\"https:\/\/construtorajcr.com.br\/granville\/wp-content\/uploads\/2022\/10\/Group-4.png\" alt=\"Group 4\" itemprop=\"image\" height=\"370\" width=\"412\" title=\"Group 4\" onerror=\"this.style.display='none'\"  \/>\n\t\t\t\t<img loading=\"lazy\" decoding=\"async\" src=\"https:\/\/construtorajcr.com.br\/granville\/wp-content\/uploads\/2022\/10\/40_50.png\" alt=\"40_50\" itemprop=\"image\" height=\"293\" width=\"546\" title=\"40_50\" onerror=\"this.style.display='none'\"  \/>\n\tUMA EMPRESA CONSOLIDADA, COM<br \/>\n40 ANOS DE EXPERI\u00caNCIA, REFER\u00caNCIA<br \/>\nEM QUALIDADE. A <strong>JCR<\/strong> TEVE SEU<br \/>\nCRESCIMENTO IMPULSIONADO PELO<br \/>\nPIONEIRISMO DOS CONDOM\u00cdNIOS DE ALTO<br \/>\nPADR\u00c3O EM S\u00c3O PAULO.<br \/>\nEM SEU PORTF\u00d3LIO CONTA COM A<br \/>\nEXPERI\u00caNCIA DE 1.000.000 M\u00b2 DE \u00c1REA<br \/>\nCONSTRU\u00cdDA EM DIVERSOS SEGMENTOS DO<br \/>\nMERCADO. A <strong>JCR<\/strong> J\u00c1 ENTREGOU MAIS DE 50<br \/>\nEMPREENDIMENTOS, ENTRE CONDOM\u00cdNIOS<br \/>\nHORIZONTAIS, FLATS, IM\u00d3VEIS COMERCIAIS,<br \/>\nSHOPPINGS E EDIF\u00cdCIOS DE ALTO PADR\u00c3O<br \/>\nNAS REGI\u00d5ES MAIS NOBRES<br \/>\nDE S\u00c3O PAULO, COMO HIGIEN\u00d3POLIS,<br \/>\nJARDINS, PACAEMB\u00da E PERDIZES.\n\t\t\t\t<img loading=\"lazy\" decoding=\"async\" src=\"https:\/\/construtorajcr.com.br\/granville\/wp-content\/uploads\/2021\/08\/Group-4.png\" alt=\"Group 4\" itemprop=\"image\" height=\"471\" width=\"466\" title=\"Group 4\" onerror=\"this.style.display='none'\"  \/>\n\n","protected":false},"excerpt":{"rendered":"<p>D\u00ca O PLAY E CONFIRA A NOSSA CAMPANHA DE LAN\u00c7AMENTO UM CONDOM\u00cdNIO SINGULAR O novo projeto da JCR Urbanismo, um condom\u00ednio singular em uma das regi\u00f5es mais valorizadas de Cuiab\u00e1, re\u00fane todos itens essenciais para voc\u00ea viver com o que h\u00e1 de melhor. Localizado no bairro Santa Rosa, ele foi desenvolvido para atender aos gostos&hellip;<\/p>\n","protected":false},"author":1,"featured_media":0,"parent":0,"menu_order":0,"comment_status":"closed","ping_status":"closed","template":"","meta":{"footnotes":""},"class_list":["post-462","page","type-page","status-publish","hentry"],"_links":{"self":[{"href":"https:\/\/construtorajcr.com.br\/granville\/wp-json\/wp\/v2\/pages\/462","targetHints":{"allow":["GET"]}}],"collection":[{"href":"https:\/\/construtorajcr.com.br\/granville\/wp-json\/wp\/v2\/pages"}],"about":[{"href":"https:\/\/construtorajcr.com.br\/granville\/wp-json\/wp\/v2\/types\/page"}],"author":[{"embeddable":true,"href":"https:\/\/construtorajcr.com.br\/granville\/wp-json\/wp\/v2\/users\/1"}],"replies":[{"embeddable":true,"href":"https:\/\/construtorajcr.com.br\/granville\/wp-json\/wp\/v2\/comments?post=462"}],"version-history":[{"count":26,"href":"https:\/\/construtorajcr.com.br\/granville\/wp-json\/wp\/v2\/pages\/462\/revisions"}],"predecessor-version":[{"id":1999,"href":"https:\/\/construtorajcr.com.br\/granville\/wp-json\/wp\/v2\/pages\/462\/revisions\/1999"}],"wp:attachment":[{"href":"https:\/\/construtorajcr.com.br\/granville\/wp-json\/wp\/v2\/media?parent=462"}],"curies":[{"name":"wp","href":"https:\/\/api.w.org\/{rel}","templated":true}]}}